{"id":404,"date":"2024-08-17T10:19:18","date_gmt":"2024-08-17T08:19:18","guid":{"rendered":"https:\/\/www.roller-sports-troyes.com\/?page_id=404"},"modified":"2026-03-04T19:40:16","modified_gmt":"2026-03-04T18:40:16","slug":"tarif-et-inscription","status":"publish","type":"page","link":"https:\/\/www.roller-sports-troyes.com\/index.php\/tarif-et-inscription\/","title":{"rendered":"Tarif et inscription"},"content":{"rendered":"\n<div style=\"height:20px\" aria-hidden=\"true\" class=\"wp-block-spacer\"><\/div>\n\n\n\n<h2 class=\"wp-block-heading has-text-color has-link-color has-system-sans-serif-font-family has-large-font-size wp-elements-17bf671a45799401ad8ee4a77ca5a795\" style=\"color:#ff5800\"><strong>Tarif<\/strong><\/h2>\n\n\n\n<div style=\"height:15px\" aria-hidden=\"true\" class=\"wp-block-spacer\"><\/div>\n\n\n\n<p>Le co\u00fbt comprend la licence et l&rsquo;assurance ffrs ainsi que l&rsquo;adh\u00e9sion au club.<\/p>\n\n\n\n<div style=\"height:7px\" aria-hidden=\"true\" class=\"wp-block-spacer\"><\/div>\n\n\n\n<div class=\"wp-block-group is-vertical is-layout-flex wp-container-core-group-is-layout-fe9cc265 wp-block-group-is-layout-flex\">\n<figure class=\"wp-block-table\"><table class=\"has-fixed-layout\"><tbody><tr><td class=\"has-text-align-right\" data-align=\"right\"><strong>adh\u00e9sion<\/strong><\/td><td><strong>100 \u20ac<\/strong><\/td><\/tr><tr><td class=\"has-text-align-right\" data-align=\"right\">\u00e0 partir du 2\u00e8me membre du m\u00eame foyer<\/td><td>50 \u20ac<\/td><\/tr><tr><td class=\"has-text-align-right\" data-align=\"right\">Tarif fin de saison \u00e0 partir du 1er mars<\/td><td><strong>75\u20ac<\/strong> pour le 1er membre, 50\u20ac \u00e0 partir du second du m\u00eame foyer.<\/td><\/tr><\/tbody><\/table><\/figure>\n<\/div>\n\n\n\n<div style=\"height:100px\" aria-hidden=\"true\" class=\"wp-block-spacer\"><\/div>\n\n\n\n<h2 class=\"wp-block-heading has-text-color has-link-color has-system-sans-serif-font-family has-large-font-size wp-elements-a1ac48222eb003eb450cddbedca8d878\" style=\"color:#ff5800\"><strong>Inscription<\/strong><\/h2>\n\n\n\n<div style=\"height:15px\" aria-hidden=\"true\" class=\"wp-block-spacer\"><\/div>\n\n\n\n<p>Pour nous rejoindre, vous avez 2 possibilit\u00e9s :<\/p>\n\n\n\n<ul class=\"wp-block-list\">\n<li>remplir et nous redonner les papiers que vous aurez r\u00e9cup\u00e9r\u00e9s aupr\u00e8s d&rsquo;un de nos entra\u00eeneurs <\/li>\n\n\n\n<li>directement sur internet en cliquant <a href=\"https:\/\/www.helloasso.com\/associations\/roller-sports-troyes\/adhesions\/adhesion-saison-2025-2026\" data-type=\"link\" data-id=\"https:\/\/www.helloasso.com\/associations\/roller-sports-troyes\/adhesions\/adhesion-saison-2025-2026\" target=\"_blank\" rel=\"noreferrer noopener\">ici<\/a><\/li>\n<\/ul>\n","protected":false},"excerpt":{"rendered":"<p>Tarif Le co\u00fbt comprend la licence et l&rsquo;assurance ffrs ainsi que l&rsquo;adh\u00e9sion au club. adh\u00e9sion 100 \u20ac \u00e0 partir du 2\u00e8me membre du m\u00eame foyer 50 \u20ac Tarif fin de saison \u00e0 partir du 1er mars 75\u20ac pour le 1er membre, 50\u20ac \u00e0 partir du second du m\u00eame foyer. Inscription Pour nous rejoindre, vous avez [&hellip;]<\/p>\n","protected":false},"author":1,"featured_media":459,"parent":0,"menu_order":0,"comment_status":"closed","ping_status":"closed","template":"","meta":{"footnotes":""},"class_list":["post-404","page","type-page","status-publish","has-post-thumbnail","hentry"],"_links":{"self":[{"href":"https:\/\/www.roller-sports-troyes.com\/index.php\/wp-json\/wp\/v2\/pages\/404","targetHints":{"allow":["GET"]}}],"collection":[{"href":"https:\/\/www.roller-sports-troyes.com\/index.php\/wp-json\/wp\/v2\/pages"}],"about":[{"href":"https:\/\/www.roller-sports-troyes.com\/index.php\/wp-json\/wp\/v2\/types\/page"}],"author":[{"embeddable":true,"href":"https:\/\/www.roller-sports-troyes.com\/index.php\/wp-json\/wp\/v2\/users\/1"}],"replies":[{"embeddable":true,"href":"https:\/\/www.roller-sports-troyes.com\/index.php\/wp-json\/wp\/v2\/comments?post=404"}],"version-history":[{"count":16,"href":"https:\/\/www.roller-sports-troyes.com\/index.php\/wp-json\/wp\/v2\/pages\/404\/revisions"}],"predecessor-version":[{"id":1106,"href":"https:\/\/www.roller-sports-troyes.com\/index.php\/wp-json\/wp\/v2\/pages\/404\/revisions\/1106"}],"wp:featuredmedia":[{"embeddable":true,"href":"https:\/\/www.roller-sports-troyes.com\/index.php\/wp-json\/wp\/v2\/media\/459"}],"wp:attachment":[{"href":"https:\/\/www.roller-sports-troyes.com\/index.php\/wp-json\/wp\/v2\/media?parent=404"}],"curies":[{"name":"wp","href":"https:\/\/api.w.org\/{rel}","templated":true}]}}