{"id":402,"date":"2024-08-16T12:10:17","date_gmt":"2024-08-16T10:10:17","guid":{"rendered":"https:\/\/www.roller-sports-troyes.com\/?page_id=402"},"modified":"2025-08-22T12:22:24","modified_gmt":"2025-08-22T10:22:24","slug":"nos-sections","status":"publish","type":"page","link":"https:\/\/www.roller-sports-troyes.com\/index.php\/nos-sections\/","title":{"rendered":"Nos sections"},"content":{"rendered":"\n<div style=\"height:20px\" aria-hidden=\"true\" class=\"wp-block-spacer\"><\/div>\n\n\n\n<details class=\"wp-block-details is-style-default has-text-color has-link-color has-large-font-size wp-elements-ad010b8fa9a45a4ba9e5e0de74820af4 is-layout-flow wp-block-details-is-layout-flow\" style=\"color:#ff5800\"><summary>Section course<\/summary>\n<div class=\"wp-block-media-text is-stacked-on-mobile is-vertically-aligned-top\" style=\"grid-template-columns:40% auto\"><figure class=\"wp-block-media-text__media\"><img loading=\"lazy\" decoding=\"async\" width=\"1024\" height=\"622\" src=\"http:\/\/www.roller-sports-troyes.com\/wp-content\/uploads\/2024\/08\/438092344_3751363775136397_4126526034092465739_n-3-1024x622.jpg\" alt=\"\" class=\"wp-image-447 size-full\" srcset=\"https:\/\/www.roller-sports-troyes.com\/wp-content\/uploads\/2024\/08\/438092344_3751363775136397_4126526034092465739_n-3-1024x622.jpg 1024w, https:\/\/www.roller-sports-troyes.com\/wp-content\/uploads\/2024\/08\/438092344_3751363775136397_4126526034092465739_n-3-300x182.jpg 300w, https:\/\/www.roller-sports-troyes.com\/wp-content\/uploads\/2024\/08\/438092344_3751363775136397_4126526034092465739_n-3-768x466.jpg 768w, https:\/\/www.roller-sports-troyes.com\/wp-content\/uploads\/2024\/08\/438092344_3751363775136397_4126526034092465739_n-3-1536x932.jpg 1536w, https:\/\/www.roller-sports-troyes.com\/wp-content\/uploads\/2024\/08\/438092344_3751363775136397_4126526034092465739_n-3.jpg 2048w\" sizes=\"auto, (max-width: 1024px) 100vw, 1024px\" \/><\/figure><div class=\"wp-block-media-text__content\">\n<p class=\"has-contrast-color has-text-color has-link-color has-medium-font-size wp-elements-0481f311d8e84f2c6574fa2e6c1dc5c6\">Sport individuel, parfois d\u2019\u00e9quipe lorsqu\u2019il s\u2019agit des relais, cette discipline se pratique en salle pour l\u2019indoor, et sur piste, anneau routier, ou route pour l\u2019outdoor.<\/p>\n\n\n\n<p class=\"has-contrast-color has-text-color has-link-color has-medium-font-size wp-elements-c6fca24d010cb6bced19883aafa16922\">Du sprint (100m) au marathon (42km), et parfois m\u00eame aux plus grandes distances (plus de 100km), elle poss\u00e8de une multitude d&rsquo;\u00e9preuves diff\u00e9rentes permettant \u00e0 chacun de vivre sa passion de la vitesse et du d\u00e9passement de soi en y trouvant sa distance de pr\u00e9dilection. <\/p>\n\n\n\n<p class=\"has-contrast-color has-text-color has-link-color has-medium-font-size wp-elements-8ab3e752f8e16d784b778d556ced8f7e\">Vous pourrez vous tester et vous perfectionner \u00e0 cette activit\u00e9 en b\u00e9n\u00e9ficiant des conseils d\u2019entra\u00eeneurs exp\u00e9riment\u00e9s.<\/p>\n\n\n\n<p class=\"has-medium-font-size\"><\/p>\n<\/div><\/div>\n<\/details>\n\n\n\n<details class=\"wp-block-details has-text-color has-link-color has-large-font-size wp-elements-02e13e277d42d1a361cdff0b18ad3b4a is-layout-flow wp-block-details-is-layout-flow\" style=\"color:#ff5800\"><summary>Section loisirs \/ Randonn\u00e9e<\/summary>\n<div class=\"wp-block-media-text is-stacked-on-mobile\" style=\"grid-template-columns:35% auto\"><figure class=\"wp-block-media-text__media\"><img loading=\"lazy\" decoding=\"async\" width=\"1024\" height=\"575\" src=\"http:\/\/www.roller-sports-troyes.com\/wp-content\/uploads\/2024\/08\/14258236_1064977960275985_6336610905393822211_o-1024x575.jpg\" alt=\"\" class=\"wp-image-441 size-full\" srcset=\"https:\/\/www.roller-sports-troyes.com\/wp-content\/uploads\/2024\/08\/14258236_1064977960275985_6336610905393822211_o-1024x575.jpg 1024w, https:\/\/www.roller-sports-troyes.com\/wp-content\/uploads\/2024\/08\/14258236_1064977960275985_6336610905393822211_o-300x168.jpg 300w, https:\/\/www.roller-sports-troyes.com\/wp-content\/uploads\/2024\/08\/14258236_1064977960275985_6336610905393822211_o-768x431.jpg 768w, https:\/\/www.roller-sports-troyes.com\/wp-content\/uploads\/2024\/08\/14258236_1064977960275985_6336610905393822211_o-1536x862.jpg 1536w, https:\/\/www.roller-sports-troyes.com\/wp-content\/uploads\/2024\/08\/14258236_1064977960275985_6336610905393822211_o.jpg 1918w\" sizes=\"auto, (max-width: 1024px) 100vw, 1024px\" \/><\/figure><div class=\"wp-block-media-text__content\">\n<p class=\"has-contrast-color has-text-color has-link-color has-medium-font-size wp-elements-e063594599252ad92e595f01b4153e50\">Venez y apprendre les bases du patin ou du roller, avant de se perfectionner dans une discipline : s&rsquo;arr\u00eater, se diriger, se propulser, sauter et se retourner.<\/p>\n\n\n\n<p class=\"has-contrast-color has-text-color has-link-color has-medium-font-size wp-elements-766f8f63a2ee2688934e7c281abc51c6\">Dans la bonne humeur et sans notion de performance, tout le monde peut y trouver son plaisir. Diverses activit\u00e9s : ateliers, jeux, parcours d&rsquo;obstacles, randonn\u00e9es, &#8230;<\/p>\n\n\n\n<p class=\"has-contrast-color has-text-color has-link-color has-medium-font-size wp-elements-4768be4e5426a86bb8e1095336a7f8ce\">A la fin de l&rsquo;ann\u00e9e, les patineurs pourront passer les roues (<a href=\"https:\/\/ffroller-skateboard.fr\/les-roues\/\" target=\"_blank\" rel=\"noreferrer noopener\">https:\/\/ffroller-skateboard.fr\/les-roues\/<\/a>) et ainsi obtenir leur dipl\u00f4me !<\/p>\n<\/div><\/div>\n\n\n\n<div class=\"wp-block-group is-vertical is-layout-flex wp-container-core-group-is-layout-fe9cc265 wp-block-group-is-layout-flex\">\n<div class=\"wp-block-media-text has-media-on-the-right is-stacked-on-mobile\" style=\"grid-template-columns:auto 20%\"><div class=\"wp-block-media-text__content\">\n<p class=\"has-medium-font-size\"><\/p>\n<\/div><figure class=\"wp-block-media-text__media\"><img loading=\"lazy\" decoding=\"async\" width=\"575\" height=\"1024\" src=\"http:\/\/www.roller-sports-troyes.com\/wp-content\/uploads\/2024\/08\/13490830_1013519135421868_4716998800444433291_o-575x1024.jpg\" alt=\"\" class=\"wp-image-442 size-full\" srcset=\"https:\/\/www.roller-sports-troyes.com\/wp-content\/uploads\/2024\/08\/13490830_1013519135421868_4716998800444433291_o-575x1024.jpg 575w, https:\/\/www.roller-sports-troyes.com\/wp-content\/uploads\/2024\/08\/13490830_1013519135421868_4716998800444433291_o-168x300.jpg 168w, https:\/\/www.roller-sports-troyes.com\/wp-content\/uploads\/2024\/08\/13490830_1013519135421868_4716998800444433291_o-768x1368.jpg 768w, https:\/\/www.roller-sports-troyes.com\/wp-content\/uploads\/2024\/08\/13490830_1013519135421868_4716998800444433291_o-862x1536.jpg 862w, https:\/\/www.roller-sports-troyes.com\/wp-content\/uploads\/2024\/08\/13490830_1013519135421868_4716998800444433291_o.jpg 1077w\" sizes=\"auto, (max-width: 575px) 100vw, 575px\" \/><\/figure><\/div>\n<\/div>\n<\/details>\n\n\n\n<details class=\"wp-block-details has-text-color has-link-color has-large-font-size wp-elements-4b27ba63563e370d32183327c435ba17 is-layout-flow wp-block-details-is-layout-flow\" style=\"color:#ff5800\"><summary>Section roller Dance<\/summary>\n<p class=\"has-contrast-color has-text-color has-link-color has-medium-font-size wp-elements-77f92024209ca3d2979c7e85c158639f\"><\/p>\n\n\n\n<div class=\"wp-block-columns is-layout-flex wp-container-core-columns-is-layout-28f84493 wp-block-columns-is-layout-flex\">\n<div class=\"wp-block-column is-layout-flow wp-block-column-is-layout-flow\" style=\"flex-basis:40%\">\n<figure class=\"wp-block-embed is-type-video is-provider-youtube wp-block-embed-youtube wp-embed-aspect-16-9 wp-has-aspect-ratio\"><div class=\"wp-block-embed__wrapper\">\n<iframe loading=\"lazy\" title=\"Les rollers, de la danse comme sur des roulettes\" width=\"500\" height=\"281\" src=\"https:\/\/www.youtube.com\/embed\/O7XtQbaH56g?feature=oembed\" frameborder=\"0\" allow=\"accelerometer; autoplay; clipboard-write; encrypted-media; gyroscope; picture-in-picture; web-share\" referrerpolicy=\"strict-origin-when-cross-origin\" allowfullscreen><\/iframe>\n<\/div><\/figure>\n<\/div>\n\n\n\n<div class=\"wp-block-column is-layout-flow wp-block-column-is-layout-flow\" style=\"flex-basis:60%\">\n<p class=\"has-contrast-color has-text-color has-link-color has-medium-font-size wp-elements-a5fab81cb8d8db1ca7a01bfcd0dfb8f9\"><strong>Un cocktail de fun, de musique et de mouvement<\/strong><\/p>\n\n\n\n<p class=\"has-contrast-color has-text-color has-link-color has-medium-font-size wp-elements-9c0b84d4150156318c0f905ae8483d49\">Envie de bouger autrement ? Le roller dance, c&rsquo;est l&rsquo;alliance parfaite entre la danse, le patin et le groove. Sur des sons funky, laissez votre corps s&rsquo;exprimer et votre style rayonner !<\/p>\n\n\n\n<p><\/p>\n\n\n\n<p class=\"has-contrast-color has-text-color has-link-color has-medium-font-size wp-elements-e2c3b070b57044a2d9d05a26cf24aaf8\"><strong>Pas besoin d&rsquo;\u00eatre un pro<\/strong><\/p>\n\n\n\n<p class=\"has-contrast-color has-text-color has-link-color has-medium-font-size wp-elements-12325665764dfcdceda47471e0c26922\">D\u00e9butant curieux ou patineur confirm\u00e9, chacun trouve sa place sur la piste. L&rsquo;ambiance est inclusive, bienveillante, et surtout&#8230; ultra fun !<\/p>\n\n\n\n<p><\/p>\n\n\n\n<p class=\"has-text-color has-link-color has-medium-font-size wp-elements-736469209f060b7808e9977f4e82f27a\" style=\"color:#ff5800\"><strong><mark style=\"background-color:rgba(0, 0, 0, 0)\" class=\"has-inline-color has-contrast-color\">Des sessions rythm\u00e9es et motivantes<\/mark><\/strong><\/p>\n\n\n\n<p class=\"has-text-color has-link-color has-medium-font-size wp-elements-07d4e6e8d98d51e3f1ab1cff6b130124\" style=\"color:#ff5800\"><mark style=\"background-color:rgba(0, 0, 0, 0)\" class=\"has-inline-color has-contrast-color\">Apprenez des figures, dansez en solo ou en groupe, et repartez avec le sourire aux l\u00e8vres et des \u00e9toiles dans les yeux.<\/mark><\/p>\n<\/div>\n<\/div>\n<\/details>\n","protected":false},"excerpt":{"rendered":"","protected":false},"author":1,"featured_media":455,"parent":0,"menu_order":0,"comment_status":"closed","ping_status":"closed","template":"","meta":{"footnotes":""},"class_list":["post-402","page","type-page","status-publish","has-post-thumbnail","hentry"],"_links":{"self":[{"href":"https:\/\/www.roller-sports-troyes.com\/index.php\/wp-json\/wp\/v2\/pages\/402","targetHints":{"allow":["GET"]}}],"collection":[{"href":"https:\/\/www.roller-sports-troyes.com\/index.php\/wp-json\/wp\/v2\/pages"}],"about":[{"href":"https:\/\/www.roller-sports-troyes.com\/index.php\/wp-json\/wp\/v2\/types\/page"}],"author":[{"embeddable":true,"href":"https:\/\/www.roller-sports-troyes.com\/index.php\/wp-json\/wp\/v2\/users\/1"}],"replies":[{"embeddable":true,"href":"https:\/\/www.roller-sports-troyes.com\/index.php\/wp-json\/wp\/v2\/comments?post=402"}],"version-history":[{"count":23,"href":"https:\/\/www.roller-sports-troyes.com\/index.php\/wp-json\/wp\/v2\/pages\/402\/revisions"}],"predecessor-version":[{"id":1005,"href":"https:\/\/www.roller-sports-troyes.com\/index.php\/wp-json\/wp\/v2\/pages\/402\/revisions\/1005"}],"wp:featuredmedia":[{"embeddable":true,"href":"https:\/\/www.roller-sports-troyes.com\/index.php\/wp-json\/wp\/v2\/media\/455"}],"wp:attachment":[{"href":"https:\/\/www.roller-sports-troyes.com\/index.php\/wp-json\/wp\/v2\/media?parent=402"}],"curies":[{"name":"wp","href":"https:\/\/api.w.org\/{rel}","templated":true}]}}